{"id":686,"date":"2023-04-05T13:41:38","date_gmt":"2023-04-05T11:41:38","guid":{"rendered":"https:\/\/radiosumadinac.net\/tiehome\/"},"modified":"2023-04-07T13:44:42","modified_gmt":"2023-04-07T11:44:42","slug":"raio-sumadinac-radio-iz-srca-sumadije","status":"publish","type":"page","link":"https:\/\/radiosumadinac.net\/portal\/","title":{"rendered":"Radio \u0160umadinac"},"content":{"rendered":"","protected":false},"excerpt":{"rendered":"","protected":false},"author":1,"featured_media":0,"parent":0,"menu_order":0,"comment_status":"closed","ping_status":"closed","template":"","meta":{"footnotes":""},"class_list":["post-686","page","type-page","status-publish",""],"yoast_head":"<!-- This site is optimized with the Yoast SEO plugin v27.4 - https:\/\/yoast.com\/product\/yoast-seo-wordpress\/ -->\n<title>Radio \u0160umadinac - Radio \u0160umadinac<\/title>\n<meta name=\"description\" content=\"Radio iz srca \u0160umadije - Melem za u\u0161i\" \/>\n<meta name=\"robots\" content=\"index, follow, max-snippet:-1, max-image-preview:large, max-video-preview:-1\" \/>\n<link rel=\"canonical\" href=\"https:\/\/radiosumadinac.net\/portal\/\" \/>\n<meta property=\"og:locale\" content=\"sr_RS\" \/>\n<meta property=\"og:type\" content=\"article\" \/>\n<meta property=\"og:title\" content=\"Radio \u0160umadinac - Radio \u0160umadinac\" \/>\n<meta property=\"og:description\" content=\"Radio iz srca \u0160umadije - Melem za u\u0161i\" \/>\n<meta property=\"og:url\" content=\"https:\/\/radiosumadinac.net\/portal\/\" \/>\n<meta property=\"og:site_name\" content=\"Radio \u0160umadinac\" \/>\n<meta property=\"article:modified_time\" content=\"2023-04-07T11:44:42+00:00\" \/>\n<meta property=\"og:image\" content=\"https:\/\/radiosumadinac.net\/portal\/wp-content\/uploads\/2023\/04\/radio-iz-srca-sumadija-slicica-02.png\" \/>\n\t<meta property=\"og:image:width\" content=\"1200\" \/>\n\t<meta property=\"og:image:height\" content=\"675\" \/>\n\t<meta property=\"og:image:type\" content=\"image\/png\" \/>\n<meta name=\"twitter:card\" content=\"summary_large_image\" \/>\n<script type=\"application\/ld+json\" class=\"yoast-schema-graph\">{\"@context\":\"https:\\\/\\\/schema.org\",\"@graph\":[{\"@type\":\"WebPage\",\"@id\":\"https:\\\/\\\/radiosumadinac.net\\\/portal\\\/\",\"url\":\"https:\\\/\\\/radiosumadinac.net\\\/portal\\\/\",\"name\":\"Radio \u0160umadinac - Radio \u0160umadinac\",\"isPartOf\":{\"@id\":\"https:\\\/\\\/radiosumadinac.net\\\/portal\\\/#website\"},\"datePublished\":\"2023-04-05T11:41:38+00:00\",\"dateModified\":\"2023-04-07T11:44:42+00:00\",\"description\":\"Radio iz srca \u0160umadije - Melem za u\u0161i\",\"breadcrumb\":{\"@id\":\"https:\\\/\\\/radiosumadinac.net\\\/portal\\\/#breadcrumb\"},\"inLanguage\":\"sr-RS\",\"potentialAction\":[{\"@type\":\"ReadAction\",\"target\":[\"https:\\\/\\\/radiosumadinac.net\\\/portal\\\/\"]}]},{\"@type\":\"BreadcrumbList\",\"@id\":\"https:\\\/\\\/radiosumadinac.net\\\/portal\\\/#breadcrumb\",\"itemListElement\":[{\"@type\":\"ListItem\",\"position\":1,\"name\":\"\u041f\u043e\u0447\u0435\u0442\u043d\u0430\",\"item\":\"https:\\\/\\\/radiosumadinac.net\\\/portal\\\/\"},{\"@type\":\"ListItem\",\"position\":2,\"name\":\"Radio \u0160umadinac\"}]},{\"@type\":\"WebSite\",\"@id\":\"https:\\\/\\\/radiosumadinac.net\\\/portal\\\/#website\",\"url\":\"https:\\\/\\\/radiosumadinac.net\\\/portal\\\/\",\"name\":\"Radio \u0160umadinac\",\"description\":\"Radio iz srca \u0160umadije\",\"potentialAction\":[{\"@type\":\"SearchAction\",\"target\":{\"@type\":\"EntryPoint\",\"urlTemplate\":\"https:\\\/\\\/radiosumadinac.net\\\/portal\\\/?s={search_term_string}\"},\"query-input\":{\"@type\":\"PropertyValueSpecification\",\"valueRequired\":true,\"valueName\":\"search_term_string\"}}],\"inLanguage\":\"sr-RS\"}]}<\/script>\n<!-- \/ Yoast SEO plugin. -->","yoast_head_json":{"title":"Radio \u0160umadinac - Radio \u0160umadinac","description":"Radio iz srca \u0160umadije - Melem za u\u0161i","robots":{"index":"index","follow":"follow","max-snippet":"max-snippet:-1","max-image-preview":"max-image-preview:large","max-video-preview":"max-video-preview:-1"},"canonical":"https:\/\/radiosumadinac.net\/portal\/","og_locale":"sr_RS","og_type":"article","og_title":"Radio \u0160umadinac - Radio \u0160umadinac","og_description":"Radio iz srca \u0160umadije - Melem za u\u0161i","og_url":"https:\/\/radiosumadinac.net\/portal\/","og_site_name":"Radio \u0160umadinac","article_modified_time":"2023-04-07T11:44:42+00:00","og_image":[{"width":1200,"height":675,"url":"https:\/\/radiosumadinac.net\/portal\/wp-content\/uploads\/2023\/04\/radio-iz-srca-sumadija-slicica-02.png","type":"image\/png"}],"twitter_card":"summary_large_image","schema":{"@context":"https:\/\/schema.org","@graph":[{"@type":"WebPage","@id":"https:\/\/radiosumadinac.net\/portal\/","url":"https:\/\/radiosumadinac.net\/portal\/","name":"Radio \u0160umadinac - Radio \u0160umadinac","isPartOf":{"@id":"https:\/\/radiosumadinac.net\/portal\/#website"},"datePublished":"2023-04-05T11:41:38+00:00","dateModified":"2023-04-07T11:44:42+00:00","description":"Radio iz srca \u0160umadije - Melem za u\u0161i","breadcrumb":{"@id":"https:\/\/radiosumadinac.net\/portal\/#breadcrumb"},"inLanguage":"sr-RS","potentialAction":[{"@type":"ReadAction","target":["https:\/\/radiosumadinac.net\/portal\/"]}]},{"@type":"BreadcrumbList","@id":"https:\/\/radiosumadinac.net\/portal\/#breadcrumb","itemListElement":[{"@type":"ListItem","position":1,"name":"\u041f\u043e\u0447\u0435\u0442\u043d\u0430","item":"https:\/\/radiosumadinac.net\/portal\/"},{"@type":"ListItem","position":2,"name":"Radio \u0160umadinac"}]},{"@type":"WebSite","@id":"https:\/\/radiosumadinac.net\/portal\/#website","url":"https:\/\/radiosumadinac.net\/portal\/","name":"Radio \u0160umadinac","description":"Radio iz srca \u0160umadije","potentialAction":[{"@type":"SearchAction","target":{"@type":"EntryPoint","urlTemplate":"https:\/\/radiosumadinac.net\/portal\/?s={search_term_string}"},"query-input":{"@type":"PropertyValueSpecification","valueRequired":true,"valueName":"search_term_string"}}],"inLanguage":"sr-RS"}]}},"_links":{"self":[{"href":"https:\/\/radiosumadinac.net\/portal\/wp-json\/wp\/v2\/pages\/686","targetHints":{"allow":["GET"]}}],"collection":[{"href":"https:\/\/radiosumadinac.net\/portal\/wp-json\/wp\/v2\/pages"}],"about":[{"href":"https:\/\/radiosumadinac.net\/portal\/wp-json\/wp\/v2\/types\/page"}],"author":[{"embeddable":true,"href":"https:\/\/radiosumadinac.net\/portal\/wp-json\/wp\/v2\/users\/1"}],"replies":[{"embeddable":true,"href":"https:\/\/radiosumadinac.net\/portal\/wp-json\/wp\/v2\/comments?post=686"}],"version-history":[{"count":2,"href":"https:\/\/radiosumadinac.net\/portal\/wp-json\/wp\/v2\/pages\/686\/revisions"}],"predecessor-version":[{"id":745,"href":"https:\/\/radiosumadinac.net\/portal\/wp-json\/wp\/v2\/pages\/686\/revisions\/745"}],"wp:attachment":[{"href":"https:\/\/radiosumadinac.net\/portal\/wp-json\/wp\/v2\/media?parent=686"}],"curies":[{"name":"wp","href":"https:\/\/api.w.org\/{rel}","templated":true}]}}